{"id":47,"date":"2015-10-11T15:33:48","date_gmt":"2015-10-11T15:33:48","guid":{"rendered":"http:\/\/magistrala.eu\/?page_id=47"},"modified":"2024-04-03T10:40:01","modified_gmt":"2024-04-03T08:40:01","slug":"patroni","status":"publish","type":"page","link":"https:\/\/magistrala.eu\/en\/patroni\/","title":{"rendered":"PATRONS"},"content":{"rendered":"\n<p>We approached leading figures in Prague&#8217;s social life with an offer to become patrons of the transformation of the North-South highway on the edge of the urban boulevard.&nbsp;Their opinions and support is greatly appreciated.<\/p>\n\n\n\n<div class=\"wp-block-group is-layout-constrained wp-block-group-is-layout-constrained\"><div class=\"wp-block-group__inner-container\">\n<div class=\"wp-block-columns is-layout-flex wp-container-core-columns-layout-1 wp-block-columns-is-layout-flex\">\n<div class=\"wp-block-column is-layout-flow wp-block-column-is-layout-flow\">\n<figure class=\"wp-block-image size-full\"><a href=\"http:\/\/magistrala.eu\/wp-content\/uploads\/Richard-Biegel.jpg\"><img loading=\"lazy\" decoding=\"async\" width=\"500\" height=\"667\" src=\"http:\/\/magistrala.eu\/wp-content\/uploads\/Richard-Biegel.jpg\" alt=\"\" class=\"wp-image-316\" srcset=\"https:\/\/magistrala.eu\/wp-content\/uploads\/Richard-Biegel.jpg 500w, https:\/\/magistrala.eu\/wp-content\/uploads\/Richard-Biegel-225x300.jpg 225w\" sizes=\"(max-width: 500px) 85vw, 500px\" \/><\/a><figcaption class=\"wp-element-caption\">Richard Biegel &#8211; Historian and Theorist of Architecture, Managing Director of the Club for Old Prague<\/figcaption><\/figure>\n<\/div>\n\n\n\n<div class=\"wp-block-column is-layout-flow wp-block-column-is-layout-flow\">\n<figure class=\"wp-block-image size-large\"><a href=\"https:\/\/magistrala.eu\/wp-content\/uploads\/eva-jiricna_BW.jpg\"><img loading=\"lazy\" decoding=\"async\" width=\"825\" height=\"1024\" src=\"https:\/\/magistrala.eu\/wp-content\/uploads\/eva-jiricna_BW-825x1024.jpg\" alt=\"\" class=\"wp-image-973\" style=\"aspect-ratio:3\/4;object-fit:cover\" srcset=\"https:\/\/magistrala.eu\/wp-content\/uploads\/eva-jiricna_BW-825x1024.jpg 825w, https:\/\/magistrala.eu\/wp-content\/uploads\/eva-jiricna_BW-242x300.jpg 242w, https:\/\/magistrala.eu\/wp-content\/uploads\/eva-jiricna_BW-768x954.jpg 768w, https:\/\/magistrala.eu\/wp-content\/uploads\/eva-jiricna_BW-1237x1536.jpg 1237w, https:\/\/magistrala.eu\/wp-content\/uploads\/eva-jiricna_BW-1649x2048.jpg 1649w, https:\/\/magistrala.eu\/wp-content\/uploads\/eva-jiricna_BW-1200x1490.jpg 1200w, https:\/\/magistrala.eu\/wp-content\/uploads\/eva-jiricna_BW.jpg 1716w\" sizes=\"(max-width: 825px) 85vw, 825px\" \/><\/a><figcaption class=\"wp-element-caption\">Eva Ji\u0159i\u010dn\u00e1 &#8211; Professor, Architect<\/figcaption><\/figure>\n<\/div>\n\n\n\n<div class=\"wp-block-column is-layout-flow wp-block-column-is-layout-flow\">\n<figure class=\"wp-block-image size-full\"><a href=\"https:\/\/magistrala.eu\/wp-content\/uploads\/Petr_Konvalinka_BW.jpg\"><img loading=\"lazy\" decoding=\"async\" width=\"467\" height=\"700\" src=\"https:\/\/magistrala.eu\/wp-content\/uploads\/Petr_Konvalinka_BW.jpg\" alt=\"\" class=\"wp-image-974\" style=\"aspect-ratio:3\/4;object-fit:cover\" srcset=\"https:\/\/magistrala.eu\/wp-content\/uploads\/Petr_Konvalinka_BW.jpg 467w, https:\/\/magistrala.eu\/wp-content\/uploads\/Petr_Konvalinka_BW-200x300.jpg 200w\" sizes=\"(max-width: 467px) 85vw, 467px\" \/><\/a><figcaption class=\"wp-element-caption\">Petr Konvalinka &#8211; Professor, former Rector of the Czech Technical University: &#8220;I would like to contribute to the cultivation of the public spaces in Prague, especially the Magistr\u00e1la conjunction. It&#8217;s an opportunity to build this main conjunction into a cultivated metropolitan area, which is not only the highway, but becomes a city boulevard for the third millennium.&#8221;<\/figcaption><\/figure>\n<\/div>\n<\/div>\n<\/div><\/div>\n\n\n\n<div class=\"wp-block-group is-layout-constrained wp-block-group-is-layout-constrained\"><div class=\"wp-block-group__inner-container\">\n<div class=\"wp-block-columns is-layout-flex wp-container-core-columns-layout-2 wp-block-columns-is-layout-flex\">\n<div class=\"wp-block-column is-layout-flow wp-block-column-is-layout-flow\">\n<figure class=\"wp-block-image size-full\"><a href=\"http:\/\/magistrala.eu\/wp-content\/uploads\/petr-kratochvil-e1711538881705.jpg\"><img loading=\"lazy\" decoding=\"async\" width=\"439\" height=\"561\" src=\"http:\/\/magistrala.eu\/wp-content\/uploads\/petr-kratochvil-e1711538881705.jpg\" alt=\"\" class=\"wp-image-972\" style=\"aspect-ratio:3\/4;object-fit:cover\" srcset=\"https:\/\/magistrala.eu\/wp-content\/uploads\/petr-kratochvil-e1711538881705.jpg 439w, https:\/\/magistrala.eu\/wp-content\/uploads\/petr-kratochvil-e1711538881705-235x300.jpg 235w\" sizes=\"(max-width: 439px) 85vw, 439px\" \/><\/a><figcaption class=\"wp-element-caption\"><strong>Petr Kratochv\u00edl<\/strong> &#8211; Professor, Historian, and Theorist of Architecture<\/figcaption><\/figure>\n<\/div>\n\n\n\n<div class=\"wp-block-column is-layout-flow wp-block-column-is-layout-flow\">\n<figure class=\"wp-block-image size-large\"><a href=\"https:\/\/magistrala.eu\/wp-content\/uploads\/Ladislav-labus_BW-1.jpg\"><img loading=\"lazy\" decoding=\"async\" width=\"791\" height=\"1024\" src=\"https:\/\/magistrala.eu\/wp-content\/uploads\/Ladislav-labus_BW-1-791x1024.jpg\" alt=\"\" class=\"wp-image-978\" style=\"aspect-ratio:3\/4;object-fit:cover\" srcset=\"https:\/\/magistrala.eu\/wp-content\/uploads\/Ladislav-labus_BW-1-791x1024.jpg 791w, https:\/\/magistrala.eu\/wp-content\/uploads\/Ladislav-labus_BW-1-232x300.jpg 232w, https:\/\/magistrala.eu\/wp-content\/uploads\/Ladislav-labus_BW-1-768x994.jpg 768w, https:\/\/magistrala.eu\/wp-content\/uploads\/Ladislav-labus_BW-1-1187x1536.jpg 1187w, https:\/\/magistrala.eu\/wp-content\/uploads\/Ladislav-labus_BW-1-1200x1553.jpg 1200w, https:\/\/magistrala.eu\/wp-content\/uploads\/Ladislav-labus_BW-1.jpg 1484w\" sizes=\"(max-width: 791px) 85vw, 791px\" \/><\/a><figcaption class=\"wp-element-caption\"><strong>Ladislav L\u00e1bus<\/strong> &#8211; Professor, Architect, and former Dean of the Faculty of Architecture at CTU<\/figcaption><\/figure>\n<\/div>\n\n\n\n<div class=\"wp-block-column is-layout-flow wp-block-column-is-layout-flow\">\n<figure class=\"wp-block-image size-full\"><a href=\"http:\/\/magistrala.eu\/wp-content\/uploads\/CB_Regina_Loukotova.jpg\"><img loading=\"lazy\" decoding=\"async\" width=\"500\" height=\"667\" src=\"http:\/\/magistrala.eu\/wp-content\/uploads\/CB_Regina_Loukotova.jpg\" alt=\"\" class=\"wp-image-336\" srcset=\"https:\/\/magistrala.eu\/wp-content\/uploads\/CB_Regina_Loukotova.jpg 500w, https:\/\/magistrala.eu\/wp-content\/uploads\/CB_Regina_Loukotova-225x300.jpg 225w\" sizes=\"(max-width: 500px) 85vw, 500px\" \/><\/a><figcaption class=\"wp-element-caption\">Regina Loukotov\u00e1 &#8211; Master of the school ARCHIP: \u201cIn this context, I was reminded of the book The Man Who Planted Trees by Jean Giono, published in 1953. The author says about his work, \u2018The goal was to make trees likable, or more specifically, make planting trees likable.\u2019 Here\u2019s to making trees more likeable to bring nature back to city life.\u201d<\/figcaption><\/figure>\n<\/div>\n<\/div>\n\n\n\n<div class=\"wp-block-columns is-layout-flex wp-container-core-columns-layout-3 wp-block-columns-is-layout-flex\">\n<div class=\"wp-block-column is-layout-flow wp-block-column-is-layout-flow\">\n<figure class=\"wp-block-image size-full\"><a href=\"https:\/\/magistrala.eu\/wp-content\/uploads\/pleskot-autor-tomas-novak.jpg\"><img loading=\"lazy\" decoding=\"async\" width=\"1280\" height=\"1280\" src=\"https:\/\/magistrala.eu\/wp-content\/uploads\/pleskot-autor-tomas-novak.jpg\" alt=\"\" class=\"wp-image-979\" style=\"aspect-ratio:3\/4;object-fit:cover\" srcset=\"https:\/\/magistrala.eu\/wp-content\/uploads\/pleskot-autor-tomas-novak.jpg 1280w, https:\/\/magistrala.eu\/wp-content\/uploads\/pleskot-autor-tomas-novak-300x300.jpg 300w, https:\/\/magistrala.eu\/wp-content\/uploads\/pleskot-autor-tomas-novak-1024x1024.jpg 1024w, https:\/\/magistrala.eu\/wp-content\/uploads\/pleskot-autor-tomas-novak-150x150.jpg 150w, https:\/\/magistrala.eu\/wp-content\/uploads\/pleskot-autor-tomas-novak-768x768.jpg 768w, https:\/\/magistrala.eu\/wp-content\/uploads\/pleskot-autor-tomas-novak-1200x1200.jpg 1200w\" sizes=\"(max-width: 709px) 85vw, (max-width: 909px) 67vw, (max-width: 1362px) 62vw, 840px\" \/><\/a><figcaption class=\"wp-element-caption\"><strong>Josef Pleskot<\/strong> &#8211; Architect: &#8220;North-South Magistr\u00e1la Conjunction = Main Prague Boulevard. Its quality is not in its transport capacity, but in its social potential. Its width dimension is not twenty (which is average), but at least one hundred and twenty meters (appropriate for public space). From Pankr\u00e1ce to Hole\u0161ovice, it lies in a valuable connection with the built and natural icons of Prague. Its route is fascinating, and it has the capacity to gather all future Prague and national public buildings. The street has the opportunity to offer Prague a generous, and developed wide area in the center and hallmark of the capital.&#8221;<\/figcaption><\/figure>\n<\/div>\n\n\n\n<div class=\"wp-block-column is-layout-flow wp-block-column-is-layout-flow\">\n<figure class=\"wp-block-image size-full\"><a href=\"https:\/\/magistrala.eu\/wp-content\/uploads\/CB_David-Vavra2.jpg\"><img loading=\"lazy\" decoding=\"async\" width=\"500\" height=\"667\" src=\"https:\/\/magistrala.eu\/wp-content\/uploads\/CB_David-Vavra2.jpg\" alt=\"\" class=\"wp-image-980\" style=\"aspect-ratio:3\/4;object-fit:cover\" srcset=\"https:\/\/magistrala.eu\/wp-content\/uploads\/CB_David-Vavra2.jpg 500w, https:\/\/magistrala.eu\/wp-content\/uploads\/CB_David-Vavra2-225x300.jpg 225w\" sizes=\"(max-width: 500px) 85vw, 500px\" \/><\/a><figcaption class=\"wp-element-caption\">D<strong>avid V\u00e1vra<\/strong> &#8211; Academic Architect, Actor, Writer<\/figcaption><\/figure>\n<\/div>\n\n\n\n<div class=\"wp-block-column is-layout-flow wp-block-column-is-layout-flow\">\n<figure class=\"wp-block-image size-full\"><a href=\"https:\/\/magistrala.eu\/wp-content\/uploads\/CB_Vladimir518.jpg\"><img loading=\"lazy\" decoding=\"async\" width=\"500\" height=\"667\" src=\"https:\/\/magistrala.eu\/wp-content\/uploads\/CB_Vladimir518.jpg\" alt=\"\" class=\"wp-image-981\" srcset=\"https:\/\/magistrala.eu\/wp-content\/uploads\/CB_Vladimir518.jpg 500w, https:\/\/magistrala.eu\/wp-content\/uploads\/CB_Vladimir518-225x300.jpg 225w\" sizes=\"(max-width: 500px) 85vw, 500px\" \/><\/a><figcaption class=\"wp-element-caption\"><strong>Vladimir 518<\/strong> &#8211; Artist<\/figcaption><\/figure>\n<\/div>\n<\/div>\n<\/div><\/div>\n","protected":false},"excerpt":{"rendered":"<p>We approached leading figures in Prague&#8217;s social life with an offer to become patrons of the transformation of the North-South highway on the edge of the urban boulevard.&nbsp;Their opinions and support is greatly appreciated.<\/p>\n","protected":false},"author":1,"featured_media":0,"parent":0,"menu_order":0,"comment_status":"closed","ping_status":"closed","template":"","meta":{"footnotes":""},"translation":{"provider":"WPGlobus","version":"2.12.2","language":"en","enabled_languages":["cz","en"],"languages":{"cz":{"title":true,"content":true,"excerpt":false},"en":{"title":true,"content":true,"excerpt":false}}},"_links":{"self":[{"href":"https:\/\/magistrala.eu\/en\/wp-json\/wp\/v2\/pages\/47"}],"collection":[{"href":"https:\/\/magistrala.eu\/en\/wp-json\/wp\/v2\/pages"}],"about":[{"href":"https:\/\/magistrala.eu\/en\/wp-json\/wp\/v2\/types\/page"}],"author":[{"embeddable":true,"href":"https:\/\/magistrala.eu\/en\/wp-json\/wp\/v2\/users\/1"}],"replies":[{"embeddable":true,"href":"https:\/\/magistrala.eu\/en\/wp-json\/wp\/v2\/comments?post=47"}],"version-history":[{"count":103,"href":"https:\/\/magistrala.eu\/en\/wp-json\/wp\/v2\/pages\/47\/revisions"}],"predecessor-version":[{"id":1199,"href":"https:\/\/magistrala.eu\/en\/wp-json\/wp\/v2\/pages\/47\/revisions\/1199"}],"wp:attachment":[{"href":"https:\/\/magistrala.eu\/en\/wp-json\/wp\/v2\/media?parent=47"}],"curies":[{"name":"wp","href":"https:\/\/api.w.org\/{rel}","templated":true}]}}